{"id":331,"date":"2020-03-18T21:13:34","date_gmt":"2020-03-18T20:13:34","guid":{"rendered":"http:\/\/www.nachtklaenge.de\/?page_id=331"},"modified":"2025-02-21T15:56:57","modified_gmt":"2025-02-21T14:56:57","slug":"projekte","status":"publish","type":"page","link":"https:\/\/www.nachtklaenge.de\/?page_id=331","title":{"rendered":"Projekte"},"content":{"rendered":"\n<div><span style=\"color:#eb3807\">Duo Pherusa<\/span><br>Ute Fink, Piano<br>Hansy Meinen, Schlagzeug und Percussion<\/div>\n\n\n\n<p><\/p>\n\n\n\n<p>Das Duo \u201ePherusa\u201c spielt seit f\u00fcnf Jahren zusammen. Ausgehend von freien Improvisationen und Improvisationen \u00fcber christliche Chor\u00e4le und neue Lieder, entwickelt das Duo eine ganz eigene Klangsprache.<\/p>\n\n\n\n<figure class=\"wp-block-image size-large is-resized\"><img loading=\"lazy\" decoding=\"async\" width=\"1024\" height=\"682\" src=\"http:\/\/www.nachtklaenge.de\/wp-content\/uploads\/2020\/03\/Beide-bb-1024x682.jpg\" alt=\"\" class=\"wp-image-388\" style=\"width:399px;height:259px\" srcset=\"https:\/\/www.nachtklaenge.de\/wp-content\/uploads\/2020\/03\/Beide-bb-1024x682.jpg 1024w, https:\/\/www.nachtklaenge.de\/wp-content\/uploads\/2020\/03\/Beide-bb-300x200.jpg 300w, https:\/\/www.nachtklaenge.de\/wp-content\/uploads\/2020\/03\/Beide-bb-768x512.jpg 768w, https:\/\/www.nachtklaenge.de\/wp-content\/uploads\/2020\/03\/Beide-bb-1536x1023.jpg 1536w, https:\/\/www.nachtklaenge.de\/wp-content\/uploads\/2020\/03\/Beide-bb-2048x1364.jpg 2048w, https:\/\/www.nachtklaenge.de\/wp-content\/uploads\/2020\/03\/Beide-bb-450x300.jpg 450w\" sizes=\"auto, (max-width: 1024px) 100vw, 1024px\" \/><figcaption class=\"wp-element-caption\">&#8222;Duo Pherusa&#8220;<\/figcaption><\/figure>\n\n\n\n<p>Jazziges steht neben modalen, archaisch anmutenden Kl\u00e4ngen. Neben meditativen Elementen finden sich aber auch rhythmisch sehr zupackende Episoden. Die Musik orientiert sich dabei an der inhaltlichen Aussage der Chor\u00e4le, gleicherma\u00dfen erschlie\u00dfen sich die Kompositionen aber auch, wenn die melodischen und inhaltlichen Vorlagen nicht bekannt sind. So kann die Musik auch in au\u00dferkirchlichem Kontext f\u00fcr sich stehen.<\/p>\n\n\n\n<p><\/p>\n\n\n\n<p class=\"has-text-color\" style=\"color:#eb3807\">Flugsprache<\/p>\n\n\n\n<p>Das Programm \u201eFlugsprache\u201c verbindet lyrische Texte mit unterlegten Pianokl\u00e4ngen und darauf abgestimmter Musik f\u00fcr Piano solo.<\/p>\n\n\n\n<div><span style=\"color:#eb3807\">nachtkl\u00e4nge<\/span>\n<br>Orgelkonzerte<\/div><br>\n\n\n\n<p>Konzerte unter dem Titel \u201enachtkl\u00e4nge\u201c beinhalten schwerpunktm\u00e4\u00dfig Eigenkompositionen f\u00fcr Orgel solo oder Orgel und Schlagzeug.<\/p>\n\n\n\n<p>Je nach Anlass werden auch Texte eingebunden.<\/p>\n\n\n\n<p><\/p>\n","protected":false},"excerpt":{"rendered":"<p>Duo PherusaUte Fink, PianoHansy Meinen, Schlagzeug und Percussion Das Duo \u201ePherusa\u201c spielt seit f\u00fcnf Jahren zusammen. Ausgehend von freien Improvisationen und Improvisationen \u00fcber christliche Chor\u00e4le und neue Lieder, entwickelt das Duo eine ganz eigene Klangsprache. Jazziges steht neben modalen, archaisch &hellip; <a href=\"https:\/\/www.nachtklaenge.de\/?page_id=331\">Weiterlesen <span class=\"meta-nav\">&rarr;<\/span><\/a><\/p>\n","protected":false},"author":1,"featured_media":0,"parent":0,"menu_order":0,"comment_status":"closed","ping_status":"closed","template":"","meta":{"jetpack_post_was_ever_published":false,"footnotes":""},"class_list":["post-331","page","type-page","status-publish","hentry"],"jetpack_shortlink":"https:\/\/wp.me\/P3iGFx-5l","jetpack_sharing_enabled":true,"_links":{"self":[{"href":"https:\/\/www.nachtklaenge.de\/index.php?rest_route=\/wp\/v2\/pages\/331","targetHints":{"allow":["GET"]}}],"collection":[{"href":"https:\/\/www.nachtklaenge.de\/index.php?rest_route=\/wp\/v2\/pages"}],"about":[{"href":"https:\/\/www.nachtklaenge.de\/index.php?rest_route=\/wp\/v2\/types\/page"}],"author":[{"embeddable":true,"href":"https:\/\/www.nachtklaenge.de\/index.php?rest_route=\/wp\/v2\/users\/1"}],"replies":[{"embeddable":true,"href":"https:\/\/www.nachtklaenge.de\/index.php?rest_route=%2Fwp%2Fv2%2Fcomments&post=331"}],"version-history":[{"count":20,"href":"https:\/\/www.nachtklaenge.de\/index.php?rest_route=\/wp\/v2\/pages\/331\/revisions"}],"predecessor-version":[{"id":588,"href":"https:\/\/www.nachtklaenge.de\/index.php?rest_route=\/wp\/v2\/pages\/331\/revisions\/588"}],"wp:attachment":[{"href":"https:\/\/www.nachtklaenge.de\/index.php?rest_route=%2Fwp%2Fv2%2Fmedia&parent=331"}],"curies":[{"name":"wp","href":"https:\/\/api.w.org\/{rel}","templated":true}]}}