{"id":30,"date":"2011-01-15T00:37:00","date_gmt":"2011-01-14T23:37:00","guid":{"rendered":"http:\/\/www.nachtklaenge.de\/?page_id=30"},"modified":"2025-02-22T12:04:23","modified_gmt":"2025-02-22T11:04:23","slug":"impressum","status":"publish","type":"page","link":"https:\/\/www.nachtklaenge.de\/?page_id=30","title":{"rendered":"Impressum"},"content":{"rendered":"\n<p class=\"has-text-color\" style=\"color:#eb3807\">Impressum<\/p>\n\n\n<p>Ute\u00a0Fink<br \/>Moslesh\u00f6he 14 A<br \/>26188 Edewecht<\/p>\n<p>email: utefink<span style=\"color: #eb3807;\">[at]<\/span>nachtklaenge.de<\/p>\n<hr \/>\n<p>Inhaltlich Verantwortliche gem\u00e4\u00df \u00a7 6 MDStV: Ute Fink<\/p>\n<hr \/>\n<p>Haftungshinweis: Trotz sorgf\u00e4ltiger inhaltlicher<br \/>Kontrolle \u00fcbernehme ich keine Haftung f\u00fcr die<br \/>Inhalte externer Links. F\u00fcr den Inhalt der verlinkten<br \/>Seiten sind ausschlie\u00dflich deren Betreiber<br \/>verantwortlich.<\/p>\n\n\n<p><\/p>\n\n\n\n<p><\/p>\n","protected":false},"excerpt":{"rendered":"<p>Impressum Ute\u00a0FinkMoslesh\u00f6he 14 A26188 Edewecht email: utefink[at]nachtklaenge.de Inhaltlich Verantwortliche gem\u00e4\u00df \u00a7 6 MDStV: Ute Fink Haftungshinweis: Trotz sorgf\u00e4ltiger inhaltlicherKontrolle \u00fcbernehme ich keine Haftung f\u00fcr dieInhalte externer Links. F\u00fcr den Inhalt der verlinktenSeiten sind ausschlie\u00dflich deren Betreiberverantwortlich.<\/p>\n","protected":false},"author":1,"featured_media":0,"parent":0,"menu_order":3,"comment_status":"closed","ping_status":"closed","template":"","meta":{"jetpack_post_was_ever_published":false,"footnotes":""},"class_list":["post-30","page","type-page","status-publish","hentry"],"jetpack_shortlink":"https:\/\/wp.me\/P3iGFx-u","jetpack_sharing_enabled":true,"_links":{"self":[{"href":"https:\/\/www.nachtklaenge.de\/index.php?rest_route=\/wp\/v2\/pages\/30","targetHints":{"allow":["GET"]}}],"collection":[{"href":"https:\/\/www.nachtklaenge.de\/index.php?rest_route=\/wp\/v2\/pages"}],"about":[{"href":"https:\/\/www.nachtklaenge.de\/index.php?rest_route=\/wp\/v2\/types\/page"}],"author":[{"embeddable":true,"href":"https:\/\/www.nachtklaenge.de\/index.php?rest_route=\/wp\/v2\/users\/1"}],"replies":[{"embeddable":true,"href":"https:\/\/www.nachtklaenge.de\/index.php?rest_route=%2Fwp%2Fv2%2Fcomments&post=30"}],"version-history":[{"count":15,"href":"https:\/\/www.nachtklaenge.de\/index.php?rest_route=\/wp\/v2\/pages\/30\/revisions"}],"predecessor-version":[{"id":605,"href":"https:\/\/www.nachtklaenge.de\/index.php?rest_route=\/wp\/v2\/pages\/30\/revisions\/605"}],"wp:attachment":[{"href":"https:\/\/www.nachtklaenge.de\/index.php?rest_route=%2Fwp%2Fv2%2Fmedia&parent=30"}],"curies":[{"name":"wp","href":"https:\/\/api.w.org\/{rel}","templated":true}]}}