{"id":2,"date":"2011-01-14T22:56:24","date_gmt":"2011-01-14T21:56:24","guid":{"rendered":"http:\/\/www.nachtklaenge.de\/?page_id=2"},"modified":"2025-02-22T12:07:34","modified_gmt":"2025-02-22T11:07:34","slug":"eine-seite","status":"publish","type":"page","link":"https:\/\/www.nachtklaenge.de\/","title":{"rendered":""},"content":{"rendered":"<p><span style=\"color: #eb3807;\">Ute Fink<\/span><\/p>\n<p>Piano<br \/>\nOrgel<br \/>\nChorleitung<\/p>\n<p><a href=\"http:\/\/www.nachtklaenge.de\/wp-content\/uploads\/2020\/03\/UFink_Studio2.jpg\"><img loading=\"lazy\" decoding=\"async\" class=\"size-medium wp-image-327 alignleft\" src=\"http:\/\/www.nachtklaenge.de\/wp-content\/uploads\/2020\/03\/UFink_Studio2-200x300.jpg\" alt=\"Ute Fink am Piano im Studio\" width=\"200\" height=\"300\" srcset=\"https:\/\/www.nachtklaenge.de\/wp-content\/uploads\/2020\/03\/UFink_Studio2-200x300.jpg 200w, https:\/\/www.nachtklaenge.de\/wp-content\/uploads\/2020\/03\/UFink_Studio2.jpg 512w\" sizes=\"auto, (max-width: 200px) 100vw, 200px\" \/><\/a><\/p>\n<p>Ute Fink studierte Kirchenmusik an der Berliner Kirchenmusikschule und Rhythmik an der Universit\u00e4t der K\u00fcnste in Berlin. Sp\u00e4ter folgten Weiterbildungen zur Kulturmanagerin (Leibniz-Universit\u00e4t Hannover) und zur Musik- und Kreativtherapeutin f\u00fcr Kinder und Jugendliche bei der Zukunftswerkstatt Therapie kreativ in Duisburg. Zuletzt erfolgte eine Weiterbildung zum Schreibcoach f\u00fcr Journal Writing (Universit\u00e4t Vechta).<\/p>\n<p>Heute arbeitet Ute Fink als freischaffende Musikerin, Musiktherapeutin, Musikp\u00e4dagogin und Chorleiterin und gibt Konzerte.<\/p>\n","protected":false},"excerpt":{"rendered":"<p>Ute Fink Piano Orgel Chorleitung Ute Fink studierte Kirchenmusik an der Berliner Kirchenmusikschule und Rhythmik an der Universit\u00e4t der K\u00fcnste in Berlin. Sp\u00e4ter folgten Weiterbildungen zur Kulturmanagerin (Leibniz-Universit\u00e4t Hannover) und zur Musik- und Kreativtherapeutin f\u00fcr Kinder und Jugendliche bei der &hellip; <a href=\"https:\/\/www.nachtklaenge.de\/\">Weiterlesen <span class=\"meta-nav\">&rarr;<\/span><\/a><\/p>\n","protected":false},"author":1,"featured_media":0,"parent":0,"menu_order":0,"comment_status":"closed","ping_status":"closed","template":"onecolumn-page.php","meta":{"jetpack_post_was_ever_published":false,"footnotes":""},"class_list":["post-2","page","type-page","status-publish","hentry"],"jetpack_shortlink":"https:\/\/wp.me\/P3iGFx-2","jetpack_sharing_enabled":true,"_links":{"self":[{"href":"https:\/\/www.nachtklaenge.de\/index.php?rest_route=\/wp\/v2\/pages\/2","targetHints":{"allow":["GET"]}}],"collection":[{"href":"https:\/\/www.nachtklaenge.de\/index.php?rest_route=\/wp\/v2\/pages"}],"about":[{"href":"https:\/\/www.nachtklaenge.de\/index.php?rest_route=\/wp\/v2\/types\/page"}],"author":[{"embeddable":true,"href":"https:\/\/www.nachtklaenge.de\/index.php?rest_route=\/wp\/v2\/users\/1"}],"replies":[{"embeddable":true,"href":"https:\/\/www.nachtklaenge.de\/index.php?rest_route=%2Fwp%2Fv2%2Fcomments&post=2"}],"version-history":[{"count":21,"href":"https:\/\/www.nachtklaenge.de\/index.php?rest_route=\/wp\/v2\/pages\/2\/revisions"}],"predecessor-version":[{"id":606,"href":"https:\/\/www.nachtklaenge.de\/index.php?rest_route=\/wp\/v2\/pages\/2\/revisions\/606"}],"wp:attachment":[{"href":"https:\/\/www.nachtklaenge.de\/index.php?rest_route=%2Fwp%2Fv2%2Fmedia&parent=2"}],"curies":[{"name":"wp","href":"https:\/\/api.w.org\/{rel}","templated":true}]}}